{"id":911,"date":"2025-01-24T09:51:40","date_gmt":"2025-01-24T08:51:40","guid":{"rendered":"https:\/\/www.eme-in.de\/legal-notice\/"},"modified":"2025-04-14T14:43:21","modified_gmt":"2025-04-14T12:43:21","slug":"impressum","status":"publish","type":"page","link":"https:\/\/www.eme-in.de\/de\/impressum\/","title":{"rendered":"Impressum"},"content":{"rendered":"<section class=\"copy\">\n<article class=\"copy\">\n<div class=\"headings\">\n<p><strong>Elektro-Metall Export GmbH<\/strong><br \/>\nManchinger Stra\u00dfe 116<br \/>\n85053 Ingolstadt<br \/>\nDeutschland<br \/>\nT +49 841 9651 0<br \/>\n<a class=\"encrypted-email\" href=\"mailto:eme.zentrale@eme-in.de\">eme.zentrale@eme-in.de<\/a><\/p>\n<\/div>\n<div class=\"copy\">\n<p><strong>Handelsregister<br \/>\n<\/strong>Ingolstadt HRB 201<br \/>\nVAT \u2013 USt-IdNr. DE128581385<br \/>\n<strong>Cage Code <\/strong>D2638<\/p>\n<p><strong>Vertreten durch<\/strong><br \/>\nRendel Rieckmann, Managing Director<\/p>\n<p><strong>Register gesch\u00fctzter Marken<br \/>\n<\/strong>Sofern nicht anders angegeben, sind alle auf dieser Website oder in damit zusammenh\u00e4ngenden Materialien verwendeten oder erw\u00e4hnten Produkt- und Markennamen entweder Handelsnamen, Dienstleistungsmarken, Warenzeichen oder eingetragene Warenzeichen der jeweiligen Eigent\u00fcmer. Dies gilt auch f\u00fcr Firmenlogos und Produktnamen von EME. Die auf unseren Websites verwendeten Marken- und Designelemente von EME sind geistiges Eigentum von EME.<\/p>\n<p><strong>Konzept\/Wedesign\/Programmierung\/Fotografie<br \/>\n<\/strong><a href=\"http:\/\/www.pr-design.de\" target=\"_blank\" rel=\"noopener noreferrer\">www.pr-design.de<\/a><\/p>\n<p><strong>Text<br \/>\n<\/strong>Elektro-Metall Export GmbH<\/p>\n<\/div>\n<\/article>\n<\/section>\n<section class=\"copy\">\n<article class=\"copy\">\n<div class=\"headings\"><\/div>\n<\/article>\n<\/section>\n","protected":false},"excerpt":{"rendered":"<p>Elektro-Metall Export GmbH Manchinger Stra\u00dfe 116 85053 Ingolstadt Deutschland T +49 841 9651 0 eme.zentrale@eme-in.de Handelsregister Ingolstadt HRB 201 VAT \u2013 USt-IdNr. DE128581385 Cage Code D2638 Vertreten durch Rendel Rieckmann, Managing Director Register gesch\u00fctzter Marken Sofern nicht anders angegeben, sind alle auf dieser Website oder in damit zusammenh\u00e4ngenden Materialien verwendeten oder erw\u00e4hnten Produkt- und Markennamen [&hellip;]<\/p>\n","protected":false},"author":2,"featured_media":0,"parent":0,"menu_order":0,"comment_status":"closed","ping_status":"closed","template":"","meta":{"_acf_changed":false,"footnotes":""},"class_list":["post-911","page","type-page","status-publish","hentry"],"acf":[],"yoast_head":"<!-- This site is optimized with the Yoast SEO plugin v27.1.1 - https:\/\/yoast.com\/product\/yoast-seo-wordpress\/ -->\n<title>Impressum - Elektro-Metall Export GmbH<\/title>\n<meta name=\"robots\" content=\"index, follow, max-snippet:-1, max-image-preview:large, max-video-preview:-1\" \/>\n<link rel=\"canonical\" href=\"https:\/\/www.eme-in.de\/de\/impressum\/\" \/>\n<meta property=\"og:locale\" content=\"de_DE\" \/>\n<meta property=\"og:type\" content=\"article\" \/>\n<meta property=\"og:title\" content=\"Impressum - Elektro-Metall Export GmbH\" \/>\n<meta property=\"og:description\" content=\"Elektro-Metall Export GmbH Manchinger Stra\u00dfe 116 85053 Ingolstadt Deutschland T +49 841 9651 0 eme.zentrale@eme-in.de Handelsregister Ingolstadt HRB 201 VAT \u2013 USt-IdNr. DE128581385 Cage Code D2638 Vertreten durch Rendel Rieckmann, Managing Director Register gesch\u00fctzter Marken Sofern nicht anders angegeben, sind alle auf dieser Website oder in damit zusammenh\u00e4ngenden Materialien verwendeten oder erw\u00e4hnten Produkt- und Markennamen [&hellip;]\" \/>\n<meta property=\"og:url\" content=\"https:\/\/www.eme-in.de\/de\/impressum\/\" \/>\n<meta property=\"og:site_name\" content=\"Elektro-Metall Export GmbH\" \/>\n<meta property=\"article:modified_time\" content=\"2025-04-14T12:43:21+00:00\" \/>\n<meta name=\"twitter:card\" content=\"summary_large_image\" \/>\n<script type=\"application\/ld+json\" class=\"yoast-schema-graph\">{\"@context\":\"https:\/\/schema.org\",\"@graph\":[{\"@type\":\"WebPage\",\"@id\":\"https:\/\/www.eme-in.de\/de\/impressum\/\",\"url\":\"https:\/\/www.eme-in.de\/de\/impressum\/\",\"name\":\"Impressum - Elektro-Metall Export GmbH\",\"isPartOf\":{\"@id\":\"https:\/\/www.eme-in.de\/de\/#website\"},\"datePublished\":\"2025-01-24T08:51:40+00:00\",\"dateModified\":\"2025-04-14T12:43:21+00:00\",\"breadcrumb\":{\"@id\":\"https:\/\/www.eme-in.de\/de\/impressum\/#breadcrumb\"},\"inLanguage\":\"de\",\"potentialAction\":[{\"@type\":\"ReadAction\",\"target\":[\"https:\/\/www.eme-in.de\/de\/impressum\/\"]}]},{\"@type\":\"BreadcrumbList\",\"@id\":\"https:\/\/www.eme-in.de\/de\/impressum\/#breadcrumb\",\"itemListElement\":[{\"@type\":\"ListItem\",\"position\":1,\"name\":\"Startseite\",\"item\":\"https:\/\/www.eme-in.de\/de\/\"},{\"@type\":\"ListItem\",\"position\":2,\"name\":\"Impressum\"}]},{\"@type\":\"WebSite\",\"@id\":\"https:\/\/www.eme-in.de\/de\/#website\",\"url\":\"https:\/\/www.eme-in.de\/de\/\",\"name\":\"Elektro-Metall Export GmbH\",\"description\":\"\",\"potentialAction\":[{\"@type\":\"SearchAction\",\"target\":{\"@type\":\"EntryPoint\",\"urlTemplate\":\"https:\/\/www.eme-in.de\/de\/?s={search_term_string}\"},\"query-input\":{\"@type\":\"PropertyValueSpecification\",\"valueRequired\":true,\"valueName\":\"search_term_string\"}}],\"inLanguage\":\"de\"}]}<\/script>\n<!-- \/ Yoast SEO plugin. -->","yoast_head_json":{"title":"Impressum - Elektro-Metall Export GmbH","robots":{"index":"index","follow":"follow","max-snippet":"max-snippet:-1","max-image-preview":"max-image-preview:large","max-video-preview":"max-video-preview:-1"},"canonical":"https:\/\/www.eme-in.de\/de\/impressum\/","og_locale":"de_DE","og_type":"article","og_title":"Impressum - Elektro-Metall Export GmbH","og_description":"Elektro-Metall Export GmbH Manchinger Stra\u00dfe 116 85053 Ingolstadt Deutschland T +49 841 9651 0 eme.zentrale@eme-in.de Handelsregister Ingolstadt HRB 201 VAT \u2013 USt-IdNr. DE128581385 Cage Code D2638 Vertreten durch Rendel Rieckmann, Managing Director Register gesch\u00fctzter Marken Sofern nicht anders angegeben, sind alle auf dieser Website oder in damit zusammenh\u00e4ngenden Materialien verwendeten oder erw\u00e4hnten Produkt- und Markennamen [&hellip;]","og_url":"https:\/\/www.eme-in.de\/de\/impressum\/","og_site_name":"Elektro-Metall Export GmbH","article_modified_time":"2025-04-14T12:43:21+00:00","twitter_card":"summary_large_image","schema":{"@context":"https:\/\/schema.org","@graph":[{"@type":"WebPage","@id":"https:\/\/www.eme-in.de\/de\/impressum\/","url":"https:\/\/www.eme-in.de\/de\/impressum\/","name":"Impressum - Elektro-Metall Export GmbH","isPartOf":{"@id":"https:\/\/www.eme-in.de\/de\/#website"},"datePublished":"2025-01-24T08:51:40+00:00","dateModified":"2025-04-14T12:43:21+00:00","breadcrumb":{"@id":"https:\/\/www.eme-in.de\/de\/impressum\/#breadcrumb"},"inLanguage":"de","potentialAction":[{"@type":"ReadAction","target":["https:\/\/www.eme-in.de\/de\/impressum\/"]}]},{"@type":"BreadcrumbList","@id":"https:\/\/www.eme-in.de\/de\/impressum\/#breadcrumb","itemListElement":[{"@type":"ListItem","position":1,"name":"Startseite","item":"https:\/\/www.eme-in.de\/de\/"},{"@type":"ListItem","position":2,"name":"Impressum"}]},{"@type":"WebSite","@id":"https:\/\/www.eme-in.de\/de\/#website","url":"https:\/\/www.eme-in.de\/de\/","name":"Elektro-Metall Export GmbH","description":"","potentialAction":[{"@type":"SearchAction","target":{"@type":"EntryPoint","urlTemplate":"https:\/\/www.eme-in.de\/de\/?s={search_term_string}"},"query-input":{"@type":"PropertyValueSpecification","valueRequired":true,"valueName":"search_term_string"}}],"inLanguage":"de"}]}},"_links":{"self":[{"href":"https:\/\/www.eme-in.de\/de\/wp-json\/wp\/v2\/pages\/911","targetHints":{"allow":["GET"]}}],"collection":[{"href":"https:\/\/www.eme-in.de\/de\/wp-json\/wp\/v2\/pages"}],"about":[{"href":"https:\/\/www.eme-in.de\/de\/wp-json\/wp\/v2\/types\/page"}],"author":[{"embeddable":true,"href":"https:\/\/www.eme-in.de\/de\/wp-json\/wp\/v2\/users\/2"}],"replies":[{"embeddable":true,"href":"https:\/\/www.eme-in.de\/de\/wp-json\/wp\/v2\/comments?post=911"}],"version-history":[{"count":0,"href":"https:\/\/www.eme-in.de\/de\/wp-json\/wp\/v2\/pages\/911\/revisions"}],"wp:attachment":[{"href":"https:\/\/www.eme-in.de\/de\/wp-json\/wp\/v2\/media?parent=911"}],"curies":[{"name":"wp","href":"https:\/\/api.w.org\/{rel}","templated":true}]}}